{"id":409,"date":"2018-05-23T11:22:13","date_gmt":"2018-05-23T11:22:13","guid":{"rendered":"https:\/\/www.campusgacetaeasp.es\/bloginvitado\/?page_id=409"},"modified":"2021-04-19T13:52:55","modified_gmt":"2021-04-19T13:52:55","slug":"privacidad","status":"publish","type":"page","link":"https:\/\/www.campusgacetaeasp.es\/bloginvitado\/privacidad\/","title":{"rendered":"Privacidad"},"content":{"rendered":"<div class=\"col-xs-12\">\n<h4>Informaci\u00f3n b\u00e1sica sobre protecci\u00f3n de datos<\/h4>\n<\/div>\n<div class=\"col-xs-12\"><strong>Responsable<\/strong>\u00a0Consejer\u00eda de Salud y Familias<\/div>\n<div class=\"col-xs-12\">\n<div><strong>Finalidad\u00a0<\/strong>Env\u00edo peri\u00f3dico del Bolet\u00edn del Bloginvitado que incluye los \u00faltimos art\u00edculos.<\/div>\n<\/div>\n<div class=\"col-xs-12\">\n<div><strong>Legitimaci\u00f3n<\/strong>\u00a0Consentimiento del interesado<\/div>\n<\/div>\n<div class=\"col-xs-12\">\n<div><strong>Destinatarios<\/strong>\u00a0No se ceder\u00e1n los datos a terceros<\/div>\n<\/div>\n<div class=\"col-xs-12\">\n<div><strong>Derechos<\/strong>\u00a0Tiene derecho a acceder, rectificar y suprimir los datos, as\u00ed como otros derechos, como se explica en la informaci\u00f3n adicional<\/div>\n<\/div>\n<div class=\"col-xs-12\">\n<div><strong>Informaci\u00f3n Adicional<\/strong>\u00a0Puede consultar la informaci\u00f3n adicional y detallada sobre protecci\u00f3n de datos en la p\u00e1gina web:\u00a0<a href=\"#privacidad\">Pol\u00edtica de Privacidad<\/a><\/div>\n<\/div>\n<p><a name=\"privacidad\"><\/a><\/p>\n<h2>Pol\u00edtica de privacidad<\/h2>\n<h3>\u00bfQui\u00e9n es el responsable del tratamiento de sus datos?<\/h3>\n<p>Identidad: Servicio Andaluz de Salud. Consejer\u00eda de Salud y Familias de la Junta de Andaluc\u00eda.<br \/>\nDirecci\u00f3n postal: Avenida de la Constituci\u00f3n,18. 41071-Sevilla.<br \/>\nTel\u00e9fono: +34 955018000<br \/>\nDelegado de Protecci\u00f3n de datos: dpd.<span class=\"\">ssp<\/span>a<span class=\"\">@juntadeandalucia.es<br \/>\n(<em>El Delegado de Protecci\u00f3n de Datos es la persona encargada de proteger el derecho fundamental a la protecci\u00f3n de datos personales en el Sistema Sanitario P\u00fablica de Andaluc\u00eda -SSPA- y se encarga del cumplimiento de la normativa de protecci\u00f3n de datos<\/em>)<\/span><\/p>\n<p>&nbsp;<\/p>\n<h3>\u00bfPara qu\u00e9 utilizamos tus datos personales?<\/h3>\n<p class=\"p1\"><span class=\"s1\">La web Bloginvitado Gaceta Sanitaria (en adelante Bloginvitado) recoge sus datos personales con la finalidad de ofrecerle acceso a boletines informativos peri\u00f3dicos.<\/span><\/p>\n<p>&nbsp;<\/p>\n<h3>\u00bfPor cu\u00e1nto tiempo conservaremos tus datos?<\/h3>\n<p>Los datos proporcionados se conservar\u00e1n mientras no se solicite su supresi\u00f3n por el interesado.<\/p>\n<p>&nbsp;<\/p>\n<h3>\u00bfA qui\u00e9n comunicaremos tus datos?<\/h3>\n<p>La web <span class=\"s1\">Bloginvitado<\/span> no ceder\u00e1 tus datos personales a terceros, salvo que estemos obligados por una ley.<\/p>\n<p>&nbsp;<\/p>\n<h3>\u00bfCu\u00e1les son tus derechos cuando nos facilitas tus datos?<\/h3>\n<ul>\n<li>Cualquier persona tiene derecho a obtener confirmaci\u00f3n sobre si en\u00a0<span class=\"s1\">Bloginvitado<\/span> estamos tratando datos personales que les conciernan, o no.<\/li>\n<li>Las personas interesadas tienen derecho a acceder a sus datos personales, as\u00ed como a solicitar la rectificaci\u00f3n de los datos inexactos o, en su caso, solicitar la supresi\u00f3n cuando, entre otros motivos, los datos ya no sean necesarios para los fines que fueron recogidos.<\/li>\n<li>En determinadas circunstancias y por motivos relacionados con su situaci\u00f3n particular, los interesados podr\u00e1n oponerse al tratamiento de sus datos.\u00a0<span class=\"s1\">Bloginvitado<\/span> dejar\u00e1 de tratar los datos, salvo por motivos leg\u00edtimos imperiosos, o el ejercicio o defensa de posibles reclamaciones.<\/li>\n<li>Las personas interesadas podr\u00e1n recibir, en formato electr\u00f3nico, los datos personales que nos haya facilitado.<\/li>\n<\/ul>\n<p>Puedes ejercer tus derechos a trav\u00e9s de:<\/p>\n<ul>\n<li>protecciondedatos.easp@juntadeandalucia.es<\/li>\n<li>Escuela Andaluza de Salud P\u00fablica, Calle cuesta de Observatorio 4, 18011 \u2013 Granada, Espa\u00f1a<\/li>\n<\/ul>\n<p>Para ejercitar tus derechos acompa\u00f1a a tu solicitud una copia de tu DNI o documento equivalente acreditativo de tu identidad. El ejercicio de estos derechos es gratuito.<\/p>\n<p>Si consideras que no hemos tratado tus datos personales de acuerdo con la normativa, puedes contactar con el Delegado de Protecci\u00f3n de Datos en la direcci\u00f3n\u00a0<a href=\"mailto:dpd.csalud@juntadeandalucia.es\">dpd.csalud@juntadeandalucia.es<\/a>. No obstante, podr\u00e1s presentar una reclamaci\u00f3n ante la Agencia Espa\u00f1ola de Protecci\u00f3n de Datos (www.agpd.es).<\/p>\n","protected":false},"excerpt":{"rendered":"<p>Informaci\u00f3n b\u00e1sica sobre protecci\u00f3n de datos Responsable\u00a0Consejer\u00eda de Salud y Familias Finalidad\u00a0Env\u00edo peri\u00f3dico del Bolet\u00edn del Bloginvitado que incluye los \u00faltimos art\u00edculos. Legitimaci\u00f3n\u00a0Consentimiento del interesado Destinatarios\u00a0No se ceder\u00e1n los datos a terceros Derechos\u00a0Tiene derecho a acceder, rectificar y suprimir los datos, as\u00ed como otros derechos, como se explica en la informaci\u00f3n adicional Informaci\u00f3n Adicional\u00a0Puede consultar [&hellip;]<\/p>\n","protected":false},"author":6,"featured_media":908,"parent":0,"menu_order":0,"comment_status":"closed","ping_status":"closed","template":"","meta":{"site-sidebar-layout":"default","site-content-layout":"default","ast-site-content-layout":"default","site-content-style":"default","site-sidebar-style":"default","ast-global-header-display":"","ast-banner-title-visibility":"","ast-main-header-display":"","ast-hfb-above-header-display":"","ast-hfb-below-header-display":"","ast-hfb-mobile-header-display":"","site-post-title":"","ast-breadcrumbs-content":"","ast-featured-img":"","footer-sml-layout":"","theme-transparent-header-meta":"default","adv-header-id-meta":"","stick-header-meta":"","header-above-stick-meta":"","header-main-stick-meta":"","header-below-stick-meta":"","astra-migrate-meta-layouts":"default","ast-page-background-enabled":"default","ast-page-background-meta":{"desktop":{"background-color":"var(--ast-global-color-4)","background-image":"","background-repeat":"repeat","background-position":"center center","background-size":"auto","background-attachment":"scroll","background-type":"","background-media":"","overlay-type":"","overlay-color":"","overlay-opacity":"","overlay-gradient":""},"tablet":{"background-color":"","background-image":"","background-repeat":"repeat","background-position":"center center","background-size":"auto","background-attachment":"scroll","background-type":"","background-media":"","overlay-type":"","overlay-color":"","overlay-opacity":"","overlay-gradient":""},"mobile":{"background-color":"","background-image":"","background-repeat":"repeat","background-position":"center center","background-size":"auto","background-attachment":"scroll","background-type":"","background-media":"","overlay-type":"","overlay-color":"","overlay-opacity":"","overlay-gradient":""}},"ast-content-background-meta":{"desktop":{"background-color":"var(--ast-global-color-5)","background-image":"","background-repeat":"repeat","background-position":"center center","background-size":"auto","background-attachment":"scroll","background-type":"","background-media":"","overlay-type":"","overlay-color":"","overlay-opacity":"","overlay-gradient":""},"tablet":{"background-color":"var(--ast-global-color-5)","background-image":"","background-repeat":"repeat","background-position":"center center","background-size":"auto","background-attachment":"scroll","background-type":"","background-media":"","overlay-type":"","overlay-color":"","overlay-opacity":"","overlay-gradient":""},"mobile":{"background-color":"var(--ast-global-color-5)","background-image":"","background-repeat":"repeat","background-position":"center center","background-size":"auto","background-attachment":"scroll","background-type":"","background-media":"","overlay-type":"","overlay-color":"","overlay-opacity":"","overlay-gradient":""}},"footnotes":""},"class_list":["post-409","page","type-page","status-publish","has-post-thumbnail","hentry"],"_links":{"self":[{"href":"https:\/\/www.campusgacetaeasp.es\/bloginvitado\/wp-json\/wp\/v2\/pages\/409","targetHints":{"allow":["GET"]}}],"collection":[{"href":"https:\/\/www.campusgacetaeasp.es\/bloginvitado\/wp-json\/wp\/v2\/pages"}],"about":[{"href":"https:\/\/www.campusgacetaeasp.es\/bloginvitado\/wp-json\/wp\/v2\/types\/page"}],"author":[{"embeddable":true,"href":"https:\/\/www.campusgacetaeasp.es\/bloginvitado\/wp-json\/wp\/v2\/users\/6"}],"replies":[{"embeddable":true,"href":"https:\/\/www.campusgacetaeasp.es\/bloginvitado\/wp-json\/wp\/v2\/comments?post=409"}],"version-history":[{"count":8,"href":"https:\/\/www.campusgacetaeasp.es\/bloginvitado\/wp-json\/wp\/v2\/pages\/409\/revisions"}],"predecessor-version":[{"id":894,"href":"https:\/\/www.campusgacetaeasp.es\/bloginvitado\/wp-json\/wp\/v2\/pages\/409\/revisions\/894"}],"wp:featuredmedia":[{"embeddable":true,"href":"https:\/\/www.campusgacetaeasp.es\/bloginvitado\/wp-json\/wp\/v2\/media\/908"}],"wp:attachment":[{"href":"https:\/\/www.campusgacetaeasp.es\/bloginvitado\/wp-json\/wp\/v2\/media?parent=409"}],"curies":[{"name":"wp","href":"https:\/\/api.w.org\/{rel}","templated":true}]}}