{"id":23,"date":"2016-06-24T07:31:39","date_gmt":"2016-06-24T07:31:39","guid":{"rendered":"http:\/\/www.campusgacetaeasp.es\/bloginvitado\/?page_id=23"},"modified":"2022-10-18T12:34:43","modified_gmt":"2022-10-18T12:34:43","slug":"acerca-de","status":"publish","type":"page","link":"https:\/\/www.campusgacetaeasp.es\/bloginvitado\/acerca-de\/","title":{"rendered":"Acerca de"},"content":{"rendered":"<p>El <strong>Blog de Gaceta Sanitaria<\/strong> pretende ser un espacio de divulgaci\u00f3n sobre los temas y debates sanitarios y sociales de inter\u00e9s en nuestra l\u00ednea editorial: la salud p\u00fablica y la pol\u00edtica y gesti\u00f3n sanitaria.<\/p>\n<p>El Blog de Gaceta Sanitaria consta de tres categor\u00edas:<\/p>\n<p><strong> <img loading=\"lazy\" decoding=\"async\" class=\"wp-image-2802 alignleft\" src=\"https:\/\/www.campusgacetaeasp.es\/bloginvitado\/wp-content\/uploads\/2022\/10\/BlogComiteEditorial.png\" alt=\"\" width=\"117\" height=\"99\" \/><\/strong><\/p>\n<p>&nbsp;<\/p>\n<p><strong>Blog del Comit\u00e9 Editorial.<\/strong><\/p>\n<p>Espacio de comunicaci\u00f3n del CE con los\/as lectores de la revista, sobre los temas y debates sanitarios y sociales de inter\u00e9s en nuestra l\u00ednea editorial; salud p\u00fablica, pol\u00edtica y gesti\u00f3n sanitaria.<\/p>\n<p><img loading=\"lazy\" decoding=\"async\" class=\" wp-image-3040 alignleft\" src=\"https:\/\/www.campusgacetaeasp.es\/bloginvitado\/wp-content\/uploads\/2022\/10\/Miniatura-Blog-Invitados.jpg\" alt=\"\" width=\"118\" height=\"113\" \/><\/p>\n<p>&nbsp;<\/p>\n<p><strong>Blog de invitados<\/strong><\/p>\n<p>&nbsp;<\/p>\n<p>Espacio de divulgaci\u00f3n de los art\u00edculos publicados en la revista Gaceta Sanitaria, donde diversas personas relacionadas con un manuscrito discuten sobre temas o cuestiones que les sugiere el trabajo. Los\/as invitados\/as ser\u00e1n investigadores\/as relacionados con alg\u00fan art\u00edculo publicado recientemente en la revista que escriban sobre aspectos metodol\u00f3gicos, recomendaciones en su l\u00ednea de investigaci\u00f3n o implicaciones para las pol\u00edticas sanitarias o las practicas. No es el objetivo de este <em>post<\/em> que las personas autoras de un manuscrito resuman su propio trabajo, sino que se puedan ver beneficiadas por los comentarios de otros\/as investigadores del \u00e1rea.<\/p>\n<p><img loading=\"lazy\" decoding=\"async\" class=\"wp-image-2945 alignleft\" src=\"https:\/\/www.campusgacetaeasp.es\/bloginvitado\/wp-content\/uploads\/2022\/10\/BlogSociedadesSESPAS.png\" alt=\"\" width=\"122\" height=\"117\" \/><\/p>\n<p>&nbsp;<\/p>\n<p><strong>Blog de las sociedades cient\u00edficas SESPAS<\/strong><\/p>\n<p>&nbsp;<\/p>\n<p>Espacio de comunicaci\u00f3n para las distintas sociedades SESPAS sobre los temas y debates sanitarios y sociales de inter\u00e9s relativos a la salud p\u00fablica, pol\u00edtica y gesti\u00f3n sanitaria, desarrollo de estrategias hacia la salud de la poblaci\u00f3n, y mejora del sistema de salud.<\/p>\n<p><strong>Principios generales<\/strong><\/p>\n<p>El contenido de los <em>post<\/em> deber\u00e1 elaborarse siguiendo los siguientes principios.<\/p>\n<ul>\n<li><strong>Respaldo cient\u00edfico de los contenidos.<\/strong> La informaci\u00f3n cient\u00edfica que se aporte debe exponerse de la manera m\u00e1s clara posible y ajustada a una audiencia profana. Siempre debe tener un respaldo cient\u00edfico y proporcionar un enlace o referencia para que los\/as visitantes del blog puedan encontrar informaci\u00f3n adicional.<\/li>\n<li><strong>Garant\u00eda:<\/strong> Los autores y autoras del blog, se comprometen a actuar con honestidad y veracidad en todas las informaciones o afirmaciones proporcionadas.<\/li>\n<li><strong>Atribuci\u00f3n y referencias.<\/strong> Los textos, im\u00e1genes y videos que se utilicen en el <em>blog <\/em>y provengan de otra fuente, ser\u00e1n sustentados mediante hiperv\u00ednculos o referencias a las fuentes originales, siempre que no sea una experiencia vivida por el propio autor\/a. Los comentarios efectuados por los lectores\/as deber\u00e1n seguir la misma regla.<\/li>\n<li><strong>Conflicto de inter\u00e9s. <\/strong>Todo conflicto de inter\u00e9s debe ser declarado de manera expl\u00edcita.<\/li>\n<\/ul>\n<p><strong>\u00a0<\/strong><\/p>\n<p>&nbsp;<\/p>\n","protected":false},"excerpt":{"rendered":"<p>El Blog de Gaceta Sanitaria pretende ser un espacio de divulgaci\u00f3n sobre los temas y debates sanitarios y sociales de inter\u00e9s en nuestra l\u00ednea editorial: la salud p\u00fablica y la pol\u00edtica y gesti\u00f3n sanitaria. El Blog de Gaceta Sanitaria consta de tres categor\u00edas: &nbsp; Blog del Comit\u00e9 Editorial. Espacio de comunicaci\u00f3n del CE con los\/as [&hellip;]<\/p>\n","protected":false},"author":1,"featured_media":0,"parent":0,"menu_order":0,"comment_status":"closed","ping_status":"closed","template":"","meta":{"site-sidebar-layout":"default","site-content-layout":"default","ast-site-content-layout":"default","site-content-style":"default","site-sidebar-style":"default","ast-global-header-display":"","ast-banner-title-visibility":"","ast-main-header-display":"","ast-hfb-above-header-display":"","ast-hfb-below-header-display":"","ast-hfb-mobile-header-display":"","site-post-title":"","ast-breadcrumbs-content":"","ast-featured-img":"","footer-sml-layout":"","theme-transparent-header-meta":"default","adv-header-id-meta":"","stick-header-meta":"","header-above-stick-meta":"","header-main-stick-meta":"","header-below-stick-meta":"","astra-migrate-meta-layouts":"default","ast-page-background-enabled":"default","ast-page-background-meta":{"desktop":{"background-color":"var(--ast-global-color-4)","background-image":"","background-repeat":"repeat","background-position":"center center","background-size":"auto","background-attachment":"scroll","background-type":"","background-media":"","overlay-type":"","overlay-color":"","overlay-opacity":"","overlay-gradient":""},"tablet":{"background-color":"","background-image":"","background-repeat":"repeat","background-position":"center center","background-size":"auto","background-attachment":"scroll","background-type":"","background-media":"","overlay-type":"","overlay-color":"","overlay-opacity":"","overlay-gradient":""},"mobile":{"background-color":"","background-image":"","background-repeat":"repeat","background-position":"center center","background-size":"auto","background-attachment":"scroll","background-type":"","background-media":"","overlay-type":"","overlay-color":"","overlay-opacity":"","overlay-gradient":""}},"ast-content-background-meta":{"desktop":{"background-color":"var(--ast-global-color-5)","background-image":"","background-repeat":"repeat","background-position":"center center","background-size":"auto","background-attachment":"scroll","background-type":"","background-media":"","overlay-type":"","overlay-color":"","overlay-opacity":"","overlay-gradient":""},"tablet":{"background-color":"var(--ast-global-color-5)","background-image":"","background-repeat":"repeat","background-position":"center center","background-size":"auto","background-attachment":"scroll","background-type":"","background-media":"","overlay-type":"","overlay-color":"","overlay-opacity":"","overlay-gradient":""},"mobile":{"background-color":"var(--ast-global-color-5)","background-image":"","background-repeat":"repeat","background-position":"center center","background-size":"auto","background-attachment":"scroll","background-type":"","background-media":"","overlay-type":"","overlay-color":"","overlay-opacity":"","overlay-gradient":""}},"footnotes":""},"class_list":["post-23","page","type-page","status-publish","hentry"],"_links":{"self":[{"href":"https:\/\/www.campusgacetaeasp.es\/bloginvitado\/wp-json\/wp\/v2\/pages\/23","targetHints":{"allow":["GET"]}}],"collection":[{"href":"https:\/\/www.campusgacetaeasp.es\/bloginvitado\/wp-json\/wp\/v2\/pages"}],"about":[{"href":"https:\/\/www.campusgacetaeasp.es\/bloginvitado\/wp-json\/wp\/v2\/types\/page"}],"author":[{"embeddable":true,"href":"https:\/\/www.campusgacetaeasp.es\/bloginvitado\/wp-json\/wp\/v2\/users\/1"}],"replies":[{"embeddable":true,"href":"https:\/\/www.campusgacetaeasp.es\/bloginvitado\/wp-json\/wp\/v2\/comments?post=23"}],"version-history":[{"count":6,"href":"https:\/\/www.campusgacetaeasp.es\/bloginvitado\/wp-json\/wp\/v2\/pages\/23\/revisions"}],"predecessor-version":[{"id":3043,"href":"https:\/\/www.campusgacetaeasp.es\/bloginvitado\/wp-json\/wp\/v2\/pages\/23\/revisions\/3043"}],"wp:attachment":[{"href":"https:\/\/www.campusgacetaeasp.es\/bloginvitado\/wp-json\/wp\/v2\/media?parent=23"}],"curies":[{"name":"wp","href":"https:\/\/api.w.org\/{rel}","templated":true}]}}